{"id":6571,"date":"2022-03-17T14:10:37","date_gmt":"2022-03-17T13:10:37","guid":{"rendered":"https:\/\/pikralida.eu\/hot-melt-extrusion\/"},"modified":"2022-07-12T15:36:31","modified_gmt":"2022-07-12T13:36:31","slug":"hot-melt-extrusion","status":"publish","type":"page","link":"https:\/\/pikralida.eu\/en\/hot-melt-extrusion\/","title":{"rendered":"Hot Melt Extrusion"},"content":{"rendered":"\t\t<div data-elementor-type=\"wp-page\" data-elementor-id=\"6571\" class=\"elementor elementor-6571 elementor-6444\">\n\t\t\t\t\t\t<section class=\"elementor-section elementor-top-section elementor-element elementor-element-3dde5e83 elementor-section-boxed elementor-section-height-default elementor-section-height-default\" data-id=\"3dde5e83\" data-element_type=\"section\" data-settings=\"{&quot;background_background&quot;:&quot;classic&quot;}\">\n\t\t\t\t\t\t\t<div class=\"elementor-background-overlay\"><\/div>\n\t\t\t\t\t\t\t<div class=\"elementor-container elementor-column-gap-default\">\n\t\t\t\t\t<div class=\"aux-parallax-section elementor-column elementor-col-100 elementor-top-column elementor-element elementor-element-4589754\" data-id=\"4589754\" data-element_type=\"column\">\n\t\t\t<div class=\"elementor-widget-wrap elementor-element-populated\">\n\t\t\t\t\t\t<div class=\"elementor-element elementor-element-1f18964a aux-appear-watch-animation aux-fade-in-up elementor-widget elementor-widget-aux_modern_heading\" data-id=\"1f18964a\" data-element_type=\"widget\" data-widget_type=\"aux_modern_heading.default\">\n\t\t\t\t<div class=\"elementor-widget-container\">\n\t\t\t<section class=\"aux-widget-modern-heading\">\n            <div class=\"aux-widget-inner\"><h1 class=\"aux-modern-heading-primary\"><\/h1><h3 class=\"aux-modern-heading-secondary\"><span class=\"aux-head-highlight\">Hot Melt Extrusion<\/span><\/h3><div class=\"aux-modern-heading-divider\"><\/div><\/div>\n        <\/section>\t\t<\/div>\n\t\t\t\t<\/div>\n\t\t\t\t\t<\/div>\n\t\t<\/div>\n\t\t\t\t\t<\/div>\n\t\t<\/section>\n\t\t\t\t<section class=\"elementor-section elementor-top-section elementor-element elementor-element-4648933 elementor-section-content-middle elementor-section-boxed elementor-section-height-default elementor-section-height-default\" data-id=\"4648933\" data-element_type=\"section\">\n\t\t\t\t\t\t<div class=\"elementor-container elementor-column-gap-default\">\n\t\t\t\t\t<div class=\"aux-parallax-section elementor-column elementor-col-100 elementor-top-column elementor-element elementor-element-4a65d98\" data-id=\"4a65d98\" data-element_type=\"column\">\n\t\t\t<div class=\"elementor-widget-wrap elementor-element-populated\">\n\t\t\t\t\t\t<div class=\"elementor-element elementor-element-352b587 elementor-widget elementor-widget-aux_modern_heading\" data-id=\"352b587\" data-element_type=\"widget\" data-widget_type=\"aux_modern_heading.default\">\n\t\t\t\t<div class=\"elementor-widget-container\">\n\t\t\t<section class=\"aux-widget-modern-heading\">\n            <div class=\"aux-widget-inner\"><h2 class=\"aux-modern-heading-primary\">In order to develop innovative formulations of medicinal products, specialists at Pikralida use cutting-edge drug manufacturing technologies, such as the hot melt extrusion (HME) technique.<\/h2><\/div>\n        <\/section>\t\t<\/div>\n\t\t\t\t<\/div>\n\t\t\t\t<div class=\"elementor-element elementor-element-2a0f80a elementor-widget elementor-widget-text-editor\" data-id=\"2a0f80a\" data-element_type=\"widget\" data-widget_type=\"text-editor.default\">\n\t\t\t\t<div class=\"elementor-widget-container\">\n\t\t\t\t\t\t\t<p>In order to develop innovative formulations of medicinal products, specialists at Pikralida use cutting-edge drug manufacturing technologies, such as the hot melt extrusion (HME) technique.<\/p><p>Plasticization of the raw material due to high temperature and pressure, combined with passing it through a die with an appropriate profile, yield a product of uniform shape and density. For the HME process to be viable, the polymers used in the hot melt extrusion process need to have suitable thermoplastic properties and to be thermally stable at extrusion temperatures.<\/p><p>The hot extrusion technique is a modern and efficient technological process, given the uniformity of the resulting product, no need for solvents and guaranteed continuous production.<\/p><p>Obtaining solid molecular dispersions of APIs by forming solid solutions may improve the solubility and bioavailability of active substances with low water solubility. Moreover, the HME technique allows for masking the taste of active substances and for obtaining modified release drug forms, such as extended-release tablets or fast-disintegrating dosage forms.<\/p><p>Pikralida provides services for the development of technology for the active substances amorphization<\/p><p>based on the use of the hot extrusion process as well as the formulation development of medicinal products containing the amorphous form of the active substance.<\/p><p>The purchase of the Process 11 Hygenic extruder from Thermo Scientific and the introduction of a specialized service to the company\u2019s offer were carried out as part of the project entitled \u201c<a href=\"https:\/\/pikralida.eu\/en\/project-no-rpwp-01-02-00-30-0047-19-00\/\">Developing a R&amp;D supergeneric laboratory<\/a>\u201d, co-financed by European Funds.<\/p><p> <\/p>\t\t\t\t\t\t<\/div>\n\t\t\t\t<\/div>\n\t\t\t\t<div class=\"elementor-element elementor-element-dea0c54 aux-appear-watch-animation aux-fade-in-up elementor-widget elementor-widget-aux-gallery\" data-id=\"dea0c54\" data-element_type=\"widget\" data-settings=\"{&quot;_animation&quot;:&quot;none&quot;}\" data-widget_type=\"aux-gallery.default\">\n\t\t\t\t<div class=\"elementor-widget-container\">\n\t\t\t<section class=\"widget-container aux-widget-gallery aux-parent-aud1b879f1\"><div id='aux-gallery-1' class='aux-gallery galleryid-6571 gallery-columns- aux-lightbox-gallery'><div class=\"aux-gallery-container aux-isotope-animated aux-tiles-layout aux-no-gutter aux-layout-packery\"  data-pagination=\"true\" data-lazyload=\"false\" data-perpage=\"6\" data-layout=\"packery\" data-space=\"0\" >    <figure class=\"gallery-item aux-hover-active aux-iso-item  aux-image-box aux-tile-6-6 aux-t-tile-12-12 aux-m-tile-12-12\">\n            <div class=\"\">\n                <a href=\"https:\/\/pikralida.eu\/wp-content\/uploads\/2022\/03\/ekstruzja-1_tnWEB.jpg\" class=\"aux-frame-ratio-inner aux-frame-darken aux-lightbox-btn \" data-elementor-open-lightbox=\"no\" data-original-width=\"1094\" data-original-height=\"729\" data-caption=\"Proces ekstruzji\">\n                                <div class=\"aux-hover-scale-circle-plus\">\n                        <span class=\"aux-symbol-plus\"><\/span>\n                        <span class=\"aux-symbol-circle\"><\/span>\n                    <\/div>\n                        <img fetchpriority=\"high\" decoding=\"async\" width=\"800\" height=\"729\" src=\"https:\/\/pikralida.eu\/wp-content\/uploads\/2022\/03\/ekstruzja-1_tnWEB-800x800.jpg\" class=\"aux-attachment aux-featured-image attachment-800x729 aux-attachment-id-6465 \" alt=\"Pracownicy w laboratorium Pikralidy\" srcset=\"https:\/\/pikralida.eu\/wp-content\/uploads\/2022\/03\/ekstruzja-1_tnWEB-150x150.jpg 150w,https:\/\/pikralida.eu\/wp-content\/uploads\/2022\/03\/ekstruzja-1_tnWEB-300x300.jpg 300w,https:\/\/pikralida.eu\/wp-content\/uploads\/2022\/03\/ekstruzja-1_tnWEB-768x768.jpg 768w,https:\/\/pikralida.eu\/wp-content\/uploads\/2022\/03\/ekstruzja-1_tnWEB-1024x1024.jpg 1024w,https:\/\/pikralida.eu\/wp-content\/uploads\/2022\/03\/ekstruzja-1_tnWEB-800x800.jpg 800w,https:\/\/pikralida.eu\/wp-content\/uploads\/2022\/03\/ekstruzja-1_tnWEB-1084x1084.jpg 1084w\" data-ratio=\"1\" data-original-w=\"1094\" sizes=\"(max-width:479px) 480px,(max-width:767px) 768px,(max-width:1023px) 1024px,800px\" \/>                <\/a>\n            <\/div>\n                <\/figure>\n    <figure class=\"gallery-item aux-hover-active aux-iso-item  aux-image-box aux-tile-3-3 aux-t-tile-6-6 aux-m-tile-6-6\">\n            <div class=\"\">\n                <a href=\"https:\/\/pikralida.eu\/wp-content\/uploads\/2022\/03\/proces-ekstruzji_tnWEB.jpg\" class=\"aux-frame-ratio-inner aux-frame-darken aux-lightbox-btn \" data-elementor-open-lightbox=\"no\" data-original-width=\"1200\" data-original-height=\"898\" data-caption=\"Ekstruder, zdj\u0119cie dzi\u0119ki uprzejmo\u015bci Thermo Scientific\">\n                                <div class=\"aux-hover-scale-circle-plus\">\n                        <span class=\"aux-symbol-plus\"><\/span>\n                        <span class=\"aux-symbol-circle\"><\/span>\n                    <\/div>\n                        <img decoding=\"async\" width=\"400\" height=\"400\" src=\"https:\/\/pikralida.eu\/wp-content\/uploads\/2022\/03\/proces-ekstruzji_tnWEB-400x400.jpg\" class=\"aux-attachment aux-featured-image attachment-400x400 aux-attachment-id-6461 \" alt=\"Ekstruder, zdj\u0119cie dzi\u0119ki uprzejmo\u015bci Thermo Scientific\" srcset=\"https:\/\/pikralida.eu\/wp-content\/uploads\/2022\/03\/proces-ekstruzji_tnWEB-150x150.jpg 150w,https:\/\/pikralida.eu\/wp-content\/uploads\/2022\/03\/proces-ekstruzji_tnWEB-300x300.jpg 300w,https:\/\/pikralida.eu\/wp-content\/uploads\/2022\/03\/proces-ekstruzji_tnWEB-768x768.jpg 768w,https:\/\/pikralida.eu\/wp-content\/uploads\/2022\/03\/proces-ekstruzji_tnWEB-1024x1024.jpg 1024w,https:\/\/pikralida.eu\/wp-content\/uploads\/2022\/03\/proces-ekstruzji_tnWEB-400x400.jpg 400w,https:\/\/pikralida.eu\/wp-content\/uploads\/2022\/03\/proces-ekstruzji_tnWEB-1190x1190.jpg 1190w\" data-ratio=\"1\" data-original-w=\"1200\" sizes=\"(max-width:479px) 480px,(max-width:767px) 768px,(max-width:1023px) 1024px,400px\" \/>                <\/a>\n            <\/div>\n                <\/figure>\n    <figure class=\"gallery-item aux-hover-active aux-iso-item  aux-image-box aux-tile-3-3 aux-t-tile-6-6 aux-m-tile-6-6\">\n            <div class=\"\">\n                <a href=\"https:\/\/pikralida.eu\/wp-content\/uploads\/2022\/03\/ekstrudat_tnWEB.jpg\" class=\"aux-frame-ratio-inner aux-frame-darken aux-lightbox-btn \" data-elementor-open-lightbox=\"no\" data-original-width=\"1200\" data-original-height=\"796\" data-caption=\"Ekstrudat - through the good offices of Thermo Scientific\">\n                                <div class=\"aux-hover-scale-circle-plus\">\n                        <span class=\"aux-symbol-plus\"><\/span>\n                        <span class=\"aux-symbol-circle\"><\/span>\n                    <\/div>\n                        <img decoding=\"async\" width=\"400\" height=\"400\" src=\"https:\/\/pikralida.eu\/wp-content\/uploads\/2022\/03\/ekstrudat_tnWEB-400x400.jpg\" class=\"aux-attachment aux-featured-image attachment-400x400 aux-attachment-id-6463 \" alt=\"Proces ekstruzji\" srcset=\"https:\/\/pikralida.eu\/wp-content\/uploads\/2022\/03\/ekstrudat_tnWEB-150x150.jpg 150w,https:\/\/pikralida.eu\/wp-content\/uploads\/2022\/03\/ekstrudat_tnWEB-300x300.jpg 300w,https:\/\/pikralida.eu\/wp-content\/uploads\/2022\/03\/ekstrudat_tnWEB-768x768.jpg 768w,https:\/\/pikralida.eu\/wp-content\/uploads\/2022\/03\/ekstrudat_tnWEB-1024x1024.jpg 1024w,https:\/\/pikralida.eu\/wp-content\/uploads\/2022\/03\/ekstrudat_tnWEB-400x400.jpg 400w,https:\/\/pikralida.eu\/wp-content\/uploads\/2022\/03\/ekstrudat_tnWEB-1190x1190.jpg 1190w\" data-ratio=\"1\" data-original-w=\"1200\" sizes=\"(max-width:479px) 480px,(max-width:767px) 768px,(max-width:1023px) 1024px,400px\" \/>                <\/a>\n            <\/div>\n                <\/figure>\n    <figure class=\"gallery-item aux-hover-active aux-iso-item  aux-image-box aux-tile-3-3 aux-t-tile-6-6 aux-m-tile-6-6\">\n            <div class=\"\">\n                <a href=\"https:\/\/pikralida.eu\/wp-content\/uploads\/2022\/03\/tabletka_tnWEB.jpg\" class=\"aux-frame-ratio-inner aux-frame-darken aux-lightbox-btn \" data-elementor-open-lightbox=\"no\" data-original-width=\"1200\" data-original-height=\"798\" data-caption=\"Tabletka\">\n                                <div class=\"aux-hover-scale-circle-plus\">\n                        <span class=\"aux-symbol-plus\"><\/span>\n                        <span class=\"aux-symbol-circle\"><\/span>\n                    <\/div>\n                        <img loading=\"lazy\" decoding=\"async\" width=\"400\" height=\"400\" src=\"https:\/\/pikralida.eu\/wp-content\/uploads\/2022\/03\/tabletka_tnWEB-400x400.jpg\" class=\"aux-attachment aux-featured-image attachment-400x400 aux-attachment-id-6471 \" alt=\"Kolorowe tabletki, Pikralida\" srcset=\"https:\/\/pikralida.eu\/wp-content\/uploads\/2022\/03\/tabletka_tnWEB-150x150.jpg 150w,https:\/\/pikralida.eu\/wp-content\/uploads\/2022\/03\/tabletka_tnWEB-300x300.jpg 300w,https:\/\/pikralida.eu\/wp-content\/uploads\/2022\/03\/tabletka_tnWEB-768x768.jpg 768w,https:\/\/pikralida.eu\/wp-content\/uploads\/2022\/03\/tabletka_tnWEB-1024x1024.jpg 1024w,https:\/\/pikralida.eu\/wp-content\/uploads\/2022\/03\/tabletka_tnWEB-400x400.jpg 400w,https:\/\/pikralida.eu\/wp-content\/uploads\/2022\/03\/tabletka_tnWEB-1190x1190.jpg 1190w\" data-ratio=\"1\" data-original-w=\"1200\" sizes=\"(max-width:479px) 480px,(max-width:767px) 768px,(max-width:1023px) 1024px,400px\" \/>                <\/a>\n            <\/div>\n                <\/figure>\n    <figure class=\"gallery-item aux-hover-active aux-iso-item  aux-image-box aux-tile-3-3 aux-t-tile-6-6 aux-m-tile-6-6\">\n            <div class=\"\">\n                <a href=\"https:\/\/pikralida.eu\/wp-content\/uploads\/2022\/03\/sruby-ekstrudera_tnWEB.jpg\" class=\"aux-frame-ratio-inner aux-frame-darken aux-lightbox-btn \" data-elementor-open-lightbox=\"no\" data-original-width=\"1200\" data-original-height=\"800\" data-caption=\"\u015aruby ekstrudera\">\n                                <div class=\"aux-hover-scale-circle-plus\">\n                        <span class=\"aux-symbol-plus\"><\/span>\n                        <span class=\"aux-symbol-circle\"><\/span>\n                    <\/div>\n                        <img loading=\"lazy\" decoding=\"async\" width=\"400\" height=\"400\" src=\"https:\/\/pikralida.eu\/wp-content\/uploads\/2022\/03\/sruby-ekstrudera_tnWEB-400x400.jpg\" class=\"aux-attachment aux-featured-image attachment-400x400 aux-attachment-id-6469 \" alt=\"\u015aruby ekstrudera, kolor b\u0142\u0119kitny\" srcset=\"https:\/\/pikralida.eu\/wp-content\/uploads\/2022\/03\/sruby-ekstrudera_tnWEB-150x150.jpg 150w,https:\/\/pikralida.eu\/wp-content\/uploads\/2022\/03\/sruby-ekstrudera_tnWEB-300x300.jpg 300w,https:\/\/pikralida.eu\/wp-content\/uploads\/2022\/03\/sruby-ekstrudera_tnWEB-768x768.jpg 768w,https:\/\/pikralida.eu\/wp-content\/uploads\/2022\/03\/sruby-ekstrudera_tnWEB-1024x1024.jpg 1024w,https:\/\/pikralida.eu\/wp-content\/uploads\/2022\/03\/sruby-ekstrudera_tnWEB-400x400.jpg 400w,https:\/\/pikralida.eu\/wp-content\/uploads\/2022\/03\/sruby-ekstrudera_tnWEB-1190x1190.jpg 1190w\" data-ratio=\"1\" data-original-w=\"1200\" sizes=\"(max-width:479px) 480px,(max-width:767px) 768px,(max-width:1023px) 1024px,400px\" \/>                <\/a>\n            <\/div>\n                <\/figure>\n<\/div><\/div><\/section><!-- widget-container --><style>.aux-parent-aud1b879f1 .aux-frame-ratio { padding-bottom:75% }<\/style>\t\t<\/div>\n\t\t\t\t<\/div>\n\t\t\t\t<div class=\"elementor-element elementor-element-d2606b0 elementor-widget elementor-widget-text-editor\" data-id=\"d2606b0\" data-element_type=\"widget\" data-widget_type=\"text-editor.default\">\n\t\t\t\t<div class=\"elementor-widget-container\">\n\t\t\t\t\t\t\t<p>Ekstruder Process 11 Hygenic firmy Thermo Scientific was supplied and installed by <a href=\"http:\/\/www.rhl.pl\">RHL-Service<\/a> <\/p>\t\t\t\t\t\t<\/div>\n\t\t\t\t<\/div>\n\t\t\t\t\t<\/div>\n\t\t<\/div>\n\t\t\t\t\t<\/div>\n\t\t<\/section>\n\t\t\t\t<\/div>\n\t\t","protected":false},"excerpt":{"rendered":"<p>Hot Melt Extrusion In order to develop innovative formulations of medicinal products, specialists at Pikralida use cutting-edge drug manufacturing technologies, such as the hot melt extrusion (HME) technique. In order to develop innovative formulations of medicinal products, specialists at Pikralida use cutting-edge drug manufacturing technologies, such as the hot melt extrusion (HME) technique. Plasticization of [&hellip;]<\/p>\n","protected":false},"author":1,"featured_media":0,"parent":0,"menu_order":0,"comment_status":"closed","ping_status":"closed","template":"","meta":{"footnotes":""},"class_list":["post-6571","page","type-page","status-publish","hentry"],"_links":{"self":[{"href":"https:\/\/pikralida.eu\/en\/wp-json\/wp\/v2\/pages\/6571","targetHints":{"allow":["GET"]}}],"collection":[{"href":"https:\/\/pikralida.eu\/en\/wp-json\/wp\/v2\/pages"}],"about":[{"href":"https:\/\/pikralida.eu\/en\/wp-json\/wp\/v2\/types\/page"}],"author":[{"embeddable":true,"href":"https:\/\/pikralida.eu\/en\/wp-json\/wp\/v2\/users\/1"}],"replies":[{"embeddable":true,"href":"https:\/\/pikralida.eu\/en\/wp-json\/wp\/v2\/comments?post=6571"}],"version-history":[{"count":0,"href":"https:\/\/pikralida.eu\/en\/wp-json\/wp\/v2\/pages\/6571\/revisions"}],"wp:attachment":[{"href":"https:\/\/pikralida.eu\/en\/wp-json\/wp\/v2\/media?parent=6571"}],"curies":[{"name":"wp","href":"https:\/\/api.w.org\/{rel}","templated":true}]}}